{"id":38,"date":"2022-06-27T11:59:33","date_gmt":"2022-06-27T14:59:33","guid":{"rendered":"https:\/\/cristaisluzesdeana.com.br\/?post_type=product&#038;p=38"},"modified":"2025-12-18T12:34:51","modified_gmt":"2025-12-18T15:34:51","slug":"diopsidio-bruto","status":"publish","type":"product","link":"https:\/\/cristaisluzesdeana.com.br\/novo\/produto\/diopsidio-bruto\/","title":{"rendered":"Diopsidio Bruto"},"content":{"rendered":"<p>O Diopsidio \u00e9 conhecido como a pedra do Reconforto tem uma energia mais forte que a Turmalina Verde. Pode ser usada em todos os ambientes e em acess\u00f3rios. Alivia dores musculares, fortalece os m\u00fasculos, melhora problemas card\u00edacos, pulmonares e equilibra a temperatura corporal. Ela remover\u00e1 qualquer situa\u00e7\u00e3o que o esteja impedido de alcan\u00e7ar a paz interior. \u00c9 um poderoso Cristal ajuda a repor as energias positivas, enfrentar os desafios da vida, traz auto estima e auto confian\u00e7a. Como limpar seu Diopsidio: O Diopsidio pode ser lavado rapidamente em \u00e1gua salinizada em seguida em \u00e1gua corrente e deixe-o no sol por alguns minutos. As pedras s\u00e3o naturais por isto possuem formas variadas.<\/p>\n","protected":false},"excerpt":{"rendered":"<p>O Diopsidio \u00e9 conhecido como a pedra do Reconforto tem uma energia mais forte que a Turmalina Verde. Alivia dores musculares, fortalece os m\u00fasculos, melhora problemas card\u00edacos, pulmonares e equilibra a temperatura corporal. Ela remover\u00e1 qualquer situa\u00e7\u00e3o que o esteja impedido de alcan\u00e7ar a paz interior.<\/p>\n","protected":false},"featured_media":36,"comment_status":"open","ping_status":"closed","template":"","meta":[],"product_cat":[23,62,30,31,40,42],"product_tag":[],"class_list":{"0":"post-38","1":"product","2":"type-product","3":"status-publish","4":"has-post-thumbnail","6":"product_cat-acessorios","7":"product_cat-cristais-para-decoracao","8":"product_cat-decoracao","9":"product_cat-diversos","10":"product_cat-pedras-e-cristais","11":"product_cat-pedras-cristais","13":"first","14":"instock","15":"shipping-taxable","16":"purchasable","17":"product-type-simple"},"_links":{"self":[{"href":"https:\/\/cristaisluzesdeana.com.br\/novo\/wp-json\/wp\/v2\/product\/38","targetHints":{"allow":["GET"]}}],"collection":[{"href":"https:\/\/cristaisluzesdeana.com.br\/novo\/wp-json\/wp\/v2\/product"}],"about":[{"href":"https:\/\/cristaisluzesdeana.com.br\/novo\/wp-json\/wp\/v2\/types\/product"}],"replies":[{"embeddable":true,"href":"https:\/\/cristaisluzesdeana.com.br\/novo\/wp-json\/wp\/v2\/comments?post=38"}],"wp:featuredmedia":[{"embeddable":true,"href":"https:\/\/cristaisluzesdeana.com.br\/novo\/wp-json\/wp\/v2\/media\/36"}],"wp:attachment":[{"href":"https:\/\/cristaisluzesdeana.com.br\/novo\/wp-json\/wp\/v2\/media?parent=38"}],"wp:term":[{"taxonomy":"product_cat","embeddable":true,"href":"https:\/\/cristaisluzesdeana.com.br\/novo\/wp-json\/wp\/v2\/product_cat?post=38"},{"taxonomy":"product_tag","embeddable":true,"href":"https:\/\/cristaisluzesdeana.com.br\/novo\/wp-json\/wp\/v2\/product_tag?post=38"}],"curies":[{"name":"wp","href":"https:\/\/api.w.org\/{rel}","templated":true}]}}