{"id":392,"date":"2022-07-11T12:13:22","date_gmt":"2022-07-11T15:13:22","guid":{"rendered":"https:\/\/cristaisluzesdeana.com.br\/?post_type=product&#038;p=392"},"modified":"2025-12-18T12:32:19","modified_gmt":"2025-12-18T15:32:19","slug":"quartzo-leitoso","status":"publish","type":"product","link":"https:\/\/cristaisluzesdeana.com.br\/novo\/produto\/quartzo-leitoso\/","title":{"rendered":"Quartzo Leitoso"},"content":{"rendered":"<p>Quartzo Leitoso \u00e9 um Cristal 100% natural. O Quartzo Leitoso tamb\u00e9m chamado de Quartzo Branco pode ser usado em momentos de conflito, pois ele facilita a comunica\u00e7\u00e3o. Pode ser usado em qualquer ambiente, como acess\u00f3rios ou pode levar com vc na sua bolsa. Na sa\u00fade ajuda a aliviar o cansa\u00e7o e equilibrar os horm\u00f4nios, abre os caminhos desbloqueando o fluxo de energias interrompidas. Como limpar seu Quartzo: Os quartzos podem ser lavados em \u00e1gua com sal grosso. Depois em \u00e1gua corrente e deixe-a no sol por algumas horas.<\/p>\n","protected":false},"excerpt":{"rendered":"<p>Quartzo Leitoso tamb\u00e9m chamado de Quartzo Branco pode ser usado em momentos de conflito, pois facilita a comunica\u00e7\u00e3o. Abre caminhos e desbloqueia o fluxo de energias interrompidas.<\/p>\n","protected":false},"featured_media":1302,"comment_status":"open","ping_status":"closed","template":"","meta":[],"product_cat":[23,60,62,30,31,66,40,42,43],"product_tag":[],"class_list":{"0":"post-392","1":"product","2":"type-product","3":"status-publish","4":"has-post-thumbnail","6":"product_cat-acessorios","7":"product_cat-chaveiros","8":"product_cat-cristais-para-decoracao","9":"product_cat-decoracao","10":"product_cat-diversos","11":"product_cat-obeliscos","12":"product_cat-pedras-e-cristais","13":"product_cat-pedras-cristais","14":"product_cat-pingentes","16":"first","17":"instock","18":"shipping-taxable","19":"purchasable","20":"product-type-simple"},"_links":{"self":[{"href":"https:\/\/cristaisluzesdeana.com.br\/novo\/wp-json\/wp\/v2\/product\/392","targetHints":{"allow":["GET"]}}],"collection":[{"href":"https:\/\/cristaisluzesdeana.com.br\/novo\/wp-json\/wp\/v2\/product"}],"about":[{"href":"https:\/\/cristaisluzesdeana.com.br\/novo\/wp-json\/wp\/v2\/types\/product"}],"replies":[{"embeddable":true,"href":"https:\/\/cristaisluzesdeana.com.br\/novo\/wp-json\/wp\/v2\/comments?post=392"}],"wp:featuredmedia":[{"embeddable":true,"href":"https:\/\/cristaisluzesdeana.com.br\/novo\/wp-json\/wp\/v2\/media\/1302"}],"wp:attachment":[{"href":"https:\/\/cristaisluzesdeana.com.br\/novo\/wp-json\/wp\/v2\/media?parent=392"}],"wp:term":[{"taxonomy":"product_cat","embeddable":true,"href":"https:\/\/cristaisluzesdeana.com.br\/novo\/wp-json\/wp\/v2\/product_cat?post=392"},{"taxonomy":"product_tag","embeddable":true,"href":"https:\/\/cristaisluzesdeana.com.br\/novo\/wp-json\/wp\/v2\/product_tag?post=392"}],"curies":[{"name":"wp","href":"https:\/\/api.w.org\/{rel}","templated":true}]}}