{"id":403,"date":"2022-07-11T14:25:22","date_gmt":"2022-07-11T17:25:22","guid":{"rendered":"https:\/\/cristaisluzesdeana.com.br\/?post_type=product&#038;p=403"},"modified":"2025-12-28T21:52:08","modified_gmt":"2025-12-29T00:52:08","slug":"pulseira-e-colar-dos-7-chakras-na-selenita-e-olho-grego","status":"publish","type":"product","link":"https:\/\/cristaisluzesdeana.com.br\/novo\/produto\/pulseira-e-colar-dos-7-chakras-na-selenita-e-olho-grego\/","title":{"rendered":"Pulseira e Pingente dos 7 Chakras na Selenita e Olho Grego"},"content":{"rendered":"<p>A Pulseira e o Pingente tem as 7 cores dos Chakras: Jaspe Vermelho, Calcita Laranja, Citrino, Quartzo Verde, Quartzo Azul, Sodalita e Ametista. A Pulseira e o Pingente s\u00e3o confeccionados com Pedras Naturais Extra e um lindo Olho Grego o Pingente \u00e9 montado sobre uma linda pe\u00e7a de Selenita o que potencializa o poder das pedras e traz limpeza para os Chakras. Os 7 Chakras principais ficam localizados na nossa coluna vertebral e funcionam como um centro onde a energia fica concentrada e \u00e9 distribu\u00edda pelo corpo e emo\u00e7\u00f5es. Os Chakras precisam est\u00e1 alinhados para que a vida esteja em sintonia, j\u00e1 que quando est\u00e3o desalinhados podem afetar negativamente a vida em algum ponto. As cores dos Chakras est\u00e3o ligadas aos sentimentos, emo\u00e7\u00f5es e humor. Alinhada as cores as pedras e cristais s\u00e3o \u00f3timos para atrair boas energias e vibra\u00e7\u00f5es. Estas pulseiras estando com voc\u00ea pr\u00f3ximo a todos os Chakras voc\u00ea vai ficar em sintonia e melhor harmonizado. Chakra Raiz 1\u2070 Chakra: (Vermelho) Atua na for\u00e7a de vontade, empenho de desejo de viver. Em desequil\u00edbrio traz inseguran\u00e7a, depress\u00e3o, intestino press\u00e3o e vontade controlar tudo ao redor. Pedra para equilibrar: Jaspe vermelho e todas as pedras de vermelhas. Chakra Sacro\/ Umbilical 2\u2070 Chackra: (Laranja) Est\u00e1 relacionado com a sexualidade, criatividade, relacionamentos e emo\u00e7\u00f5es. Em desequil\u00edbrio pode afetar o desejo sexual e depend\u00eancias em subst\u00e2ncias. Pedra para equilibrar: Calcita Laranja e todas as pedras de tom laranja. Chakra Plexo Solar 3\u2070 Chackra: (Amarelo) Est\u00e1 relacionado com o nosso poder pessoal. Em desequil\u00edbrio pode causar ansiedade, medo excessivo e egocentrismo. Pedra para equilibrar: Citrino e outras pedras de tom amarelo. Chakra Card\u00edaco 4\u2070 Chackra: (Verde) Est\u00e1 ligado \u00e0s emo\u00e7\u00f5es e ao cora\u00e7\u00e3o. Em desequil\u00edbrio sentimentos de ang\u00fastia, tristeza, falta de amor, falta de afeto, car\u00eancia e possessividade. Pedra para equilibrar: (Verde) e todas as pedras no tom de verde. Chackra da Garganta\/Laring\u00edo 5\u2070 Chakra: (Azul) \u00c9 conhecido pelo Chakra da comunica\u00e7\u00e3o, da verdade pessoal e da facilidade de se arrumar expressar. Em desequil\u00edbrio afeta a criatividade e a comunica\u00e7\u00e3o. Pedra para equilibrar: Quartzo Azul e todas as pedras tom de azul claro. Chakra Frontal 6\u2070 Chakra: (Azul Anil) O Chakra da intui\u00e7\u00e3o com percep\u00e7\u00e3o espiritual e est\u00e1 diretamente ligado ao nosso mental. Quando est\u00e1 em desequil\u00edbrio pode causar falta de concentra\u00e7\u00e3o e foco. Pedra para equilibrar: Sodalita e todas as pedras com tons de azul anil. Chakra da Coroa\/ Coron\u00e1rio 7\u2070 Chakra: (Violeta) Atua na qualidade do sono, bem estar e sentimento de paz. Em desequil\u00edbrio afeta desarmonia espiritual, confus\u00e3o e esquecimento. Pedra para equilibrar: Ametista e todas as pedras em tons roxo e lil\u00e1s. O valor \u00e9 do conjunto com as 7 pulseiras. Para limpar sua pulseira e pingente dos Sete Chakras: Passe pelo insen\u00e7o em seguida deixe na luz solar por cerca de 30 minutos.<\/p>\n","protected":false},"excerpt":{"rendered":"<p>A pulseira tem as 7 cores dos Chakras: Jaspe Vermelho, Calcita Laranja, Citrino, Quartzo Verde, Quartzo Azul, Sodalita e Ametista. A pulseira e o pingente s\u00e3o confeccionados com Pedras Naturais Extra e um lindo Olho Grego o Pingente \u00e9 montado sobre uma linda pe\u00e7a de Selenita o que potencializa o poder das pedras e traz limpeza para os Chakras.<\/p>\n","protected":false},"featured_media":1291,"comment_status":"open","ping_status":"closed","template":"","meta":[],"product_cat":[23,31,40,42,43,49],"product_tag":[],"class_list":{"0":"post-403","1":"product","2":"type-product","3":"status-publish","4":"has-post-thumbnail","6":"product_cat-acessorios","7":"product_cat-diversos","8":"product_cat-pedras-e-cristais","9":"product_cat-pedras-cristais","10":"product_cat-pingentes","11":"product_cat-pulseiras","13":"first","14":"instock","15":"shipping-taxable","16":"purchasable","17":"product-type-simple"},"_links":{"self":[{"href":"https:\/\/cristaisluzesdeana.com.br\/novo\/wp-json\/wp\/v2\/product\/403","targetHints":{"allow":["GET"]}}],"collection":[{"href":"https:\/\/cristaisluzesdeana.com.br\/novo\/wp-json\/wp\/v2\/product"}],"about":[{"href":"https:\/\/cristaisluzesdeana.com.br\/novo\/wp-json\/wp\/v2\/types\/product"}],"replies":[{"embeddable":true,"href":"https:\/\/cristaisluzesdeana.com.br\/novo\/wp-json\/wp\/v2\/comments?post=403"}],"wp:featuredmedia":[{"embeddable":true,"href":"https:\/\/cristaisluzesdeana.com.br\/novo\/wp-json\/wp\/v2\/media\/1291"}],"wp:attachment":[{"href":"https:\/\/cristaisluzesdeana.com.br\/novo\/wp-json\/wp\/v2\/media?parent=403"}],"wp:term":[{"taxonomy":"product_cat","embeddable":true,"href":"https:\/\/cristaisluzesdeana.com.br\/novo\/wp-json\/wp\/v2\/product_cat?post=403"},{"taxonomy":"product_tag","embeddable":true,"href":"https:\/\/cristaisluzesdeana.com.br\/novo\/wp-json\/wp\/v2\/product_tag?post=403"}],"curies":[{"name":"wp","href":"https:\/\/api.w.org\/{rel}","templated":true}]}}