{"id":410,"date":"2022-07-11T15:12:56","date_gmt":"2022-07-11T18:12:56","guid":{"rendered":"https:\/\/cristaisluzesdeana.com.br\/?post_type=product&#038;p=410"},"modified":"2025-12-18T12:31:07","modified_gmt":"2025-12-18T15:31:07","slug":"piramides","status":"publish","type":"product","link":"https:\/\/cristaisluzesdeana.com.br\/novo\/produto\/piramides\/","title":{"rendered":"Pir\u00e2mides"},"content":{"rendered":"<p>As Pir\u00e2mides de Cristal possuem v\u00e1rias utilidades e s\u00e3o muitos os depoimentos de pessoas que afirmam ter tido algum tipo de experi\u00eancia terap\u00eautica com elas. Dores de cabe\u00e7a, artrite, ossos quebrados, problemas estomacais, cortes, contus\u00f5es, infec\u00e7\u00f5es, s\u00e3o alguns problemas mais comuns aliviados pela terapia al\u00e9m da afirma\u00e7\u00e3o bastante comum do sentimento de grande vitalidade e for\u00e7a que surge ap\u00f3s algum tempo sob a pir\u00e2mide. Podem ser usados em todos os ambientes casa e escrit\u00f3rio. Como limpar sua Pir\u00e2mide: Pode ser lavada em \u00e1gua corrente e deixe-o no sol por algumas horas. Este valor e por unidade. As pedras s\u00e3o naturais e temos tr\u00eas tamanhos a sua escolha.<\/p>\n","protected":false},"excerpt":{"rendered":"<p>As Pir\u00e2mides de Cristal possuem v\u00e1rias utilidades e s\u00e3o muitos os depoimentos de pessoas que afirmam ter tido algum tipo de experi\u00eancia terap\u00eautica com elas.<\/p>\n","protected":false},"featured_media":1301,"comment_status":"open","ping_status":"closed","template":"","meta":[],"product_cat":[23,62,30,31,40,42,44],"product_tag":[],"class_list":{"0":"post-410","1":"product","2":"type-product","3":"status-publish","4":"has-post-thumbnail","6":"product_cat-acessorios","7":"product_cat-cristais-para-decoracao","8":"product_cat-decoracao","9":"product_cat-diversos","10":"product_cat-pedras-e-cristais","11":"product_cat-pedras-cristais","12":"product_cat-piramides","14":"first","15":"instock","16":"shipping-taxable","17":"purchasable","18":"product-type-variable"},"_links":{"self":[{"href":"https:\/\/cristaisluzesdeana.com.br\/novo\/wp-json\/wp\/v2\/product\/410","targetHints":{"allow":["GET"]}}],"collection":[{"href":"https:\/\/cristaisluzesdeana.com.br\/novo\/wp-json\/wp\/v2\/product"}],"about":[{"href":"https:\/\/cristaisluzesdeana.com.br\/novo\/wp-json\/wp\/v2\/types\/product"}],"replies":[{"embeddable":true,"href":"https:\/\/cristaisluzesdeana.com.br\/novo\/wp-json\/wp\/v2\/comments?post=410"}],"wp:featuredmedia":[{"embeddable":true,"href":"https:\/\/cristaisluzesdeana.com.br\/novo\/wp-json\/wp\/v2\/media\/1301"}],"wp:attachment":[{"href":"https:\/\/cristaisluzesdeana.com.br\/novo\/wp-json\/wp\/v2\/media?parent=410"}],"wp:term":[{"taxonomy":"product_cat","embeddable":true,"href":"https:\/\/cristaisluzesdeana.com.br\/novo\/wp-json\/wp\/v2\/product_cat?post=410"},{"taxonomy":"product_tag","embeddable":true,"href":"https:\/\/cristaisluzesdeana.com.br\/novo\/wp-json\/wp\/v2\/product_tag?post=410"}],"curies":[{"name":"wp","href":"https:\/\/api.w.org\/{rel}","templated":true}]}}