{"id":42,"date":"2022-06-27T12:02:17","date_gmt":"2022-06-27T15:02:17","guid":{"rendered":"https:\/\/cristaisluzesdeana.com.br\/?post_type=product&#038;p=42"},"modified":"2025-12-28T21:52:09","modified_gmt":"2025-12-29T00:52:09","slug":"calcita-laranja-com-apatita-peca-de-colecionador","status":"publish","type":"product","link":"https:\/\/cristaisluzesdeana.com.br\/novo\/produto\/calcita-laranja-com-apatita-peca-de-colecionador\/","title":{"rendered":"Calcita Laranja com Apatita (Pe\u00e7a de Cole\u00e7\u00e3o)"},"content":{"rendered":"<p>A Calcita Laranja com a Apatita potencializam o poder um do outro. Estes Cristal juntos facilitam a comunica\u00e7\u00e3o. Pode ser usada em todos os ambientes, principalmente em mesa de trabalho e como acess\u00f3rios. Ajuda no tratamento de doen\u00e7as no \u00fatero e ov\u00e1rios, fortalece os m\u00fasculos e melhora problemas relacionados a coluna, tamb\u00e9m pode trazer um melhor desempenho sexual. Ela remover\u00e1 qualquer situa\u00e7\u00e3o que o esteja impedido de alcan\u00e7ar a paz interior. A Calcita Laranja com Apatita ajudar\u00e1 a superar desafios financeiros, desenvolver e integrar novas ideias e projetos o que atrair\u00e1 dinheiro e \u00f3timas oportunidades. \u00c9 um poderoso Cristal amplificador e limpador de energias. Como limpar sua Calcita Laranja com Apatita: A Calcita Laranja com Apatita \u00e9 uma pedra macia e delicada por este motivo n\u00e3o deve ser lavada. Passe-a pela fuma\u00e7a do incenso e deixe-a no sol por alguns minutos. As pedras s\u00e3o naturais por isto possuem formas variadas.<\/p>\n","protected":false},"excerpt":{"rendered":"<p>A Calcita Laranja com a Apatita juntos potencializam o poder um do outro. Estes Cristal juntos facilitam a comunica\u00e7\u00e3o. Ela remover\u00e1 qualquer situa\u00e7\u00e3o que o esteja impedido de alcan\u00e7ar a paz interior. A Calcita Laranja com Apatita ajudar\u00e1 a superar desafios financeiros, desenvolver e integrar novas ideias e projetos o que atrair\u00e1 dinheiro e \u00f3timas oportunidades. \u00c9 um poderoso Cristal amplificador e limpador de energias.<\/p>\n","protected":false},"featured_media":32,"comment_status":"open","ping_status":"closed","template":"","meta":[],"product_cat":[23,62,30,31,64,40,42],"product_tag":[],"class_list":{"0":"post-42","1":"product","2":"type-product","3":"status-publish","4":"has-post-thumbnail","6":"product_cat-acessorios","7":"product_cat-cristais-para-decoracao","8":"product_cat-decoracao","9":"product_cat-diversos","10":"product_cat-esferas","11":"product_cat-pedras-e-cristais","12":"product_cat-pedras-cristais","14":"first","15":"instock","16":"shipping-taxable","17":"purchasable","18":"product-type-simple"},"_links":{"self":[{"href":"https:\/\/cristaisluzesdeana.com.br\/novo\/wp-json\/wp\/v2\/product\/42","targetHints":{"allow":["GET"]}}],"collection":[{"href":"https:\/\/cristaisluzesdeana.com.br\/novo\/wp-json\/wp\/v2\/product"}],"about":[{"href":"https:\/\/cristaisluzesdeana.com.br\/novo\/wp-json\/wp\/v2\/types\/product"}],"replies":[{"embeddable":true,"href":"https:\/\/cristaisluzesdeana.com.br\/novo\/wp-json\/wp\/v2\/comments?post=42"}],"wp:featuredmedia":[{"embeddable":true,"href":"https:\/\/cristaisluzesdeana.com.br\/novo\/wp-json\/wp\/v2\/media\/32"}],"wp:attachment":[{"href":"https:\/\/cristaisluzesdeana.com.br\/novo\/wp-json\/wp\/v2\/media?parent=42"}],"wp:term":[{"taxonomy":"product_cat","embeddable":true,"href":"https:\/\/cristaisluzesdeana.com.br\/novo\/wp-json\/wp\/v2\/product_cat?post=42"},{"taxonomy":"product_tag","embeddable":true,"href":"https:\/\/cristaisluzesdeana.com.br\/novo\/wp-json\/wp\/v2\/product_tag?post=42"}],"curies":[{"name":"wp","href":"https:\/\/api.w.org\/{rel}","templated":true}]}}