{"id":43,"date":"2022-06-27T12:02:46","date_gmt":"2022-06-27T15:02:46","guid":{"rendered":"https:\/\/cristaisluzesdeana.com.br\/?post_type=product&#038;p=43"},"modified":"2025-12-18T12:34:02","modified_gmt":"2025-12-18T15:34:02","slug":"cristal-com-agua-marinha-peca-de-colecao","status":"publish","type":"product","link":"https:\/\/cristaisluzesdeana.com.br\/novo\/produto\/cristal-com-agua-marinha-peca-de-colecao\/","title":{"rendered":"Cristal com \u00c1gua Marinha (Pe\u00e7a de Cole\u00e7\u00e3o)"},"content":{"rendered":"<p>O Cristal com \u00c1gua Marinha \u00e9 uma fus\u00e3o que traz grande energia para quem carrega. Esta linda pe\u00e7a para colecionador tem uma forma natural muito parecida com um cora\u00e7\u00e3o. O Cristal com \u00c1gua Marinha traz equil\u00edbrio do sistema nervoso, fortalece a musculatura e favorece a cura de problemas card\u00edacos, pulmonares e melhora a ins\u00f4nia. Pode ser usado em todos os ambientes e em acess\u00f3rios. Traz equil\u00edbrio energ\u00e9tico, ajuda a eliminar carmas, abre caminhos, nos traz bem estar e boa sorte. Como limpar seu Cristal com \u00c1gua Marinha: Lave-a em \u00e1gua com sal grosso. Depois em \u00e1gua corrente e deixe-o no sol por algumas horas.<\/p>\n","protected":false},"excerpt":{"rendered":"<p>O Cristal com \u00c1gua Marinha \u00e9 uma fus\u00e3o que traz grande energia para quem carrega. Traz equil\u00edbrio energ\u00e9tico, ajuda a eliminar carmas, abre caminhos, nos traz bem estar e boa sorte.<\/p>\n","protected":false},"featured_media":31,"comment_status":"open","ping_status":"closed","template":"","meta":[],"product_cat":[23,61,62,30,31,40,42],"product_tag":[],"class_list":{"0":"post-43","1":"product","2":"type-product","3":"status-publish","4":"has-post-thumbnail","6":"product_cat-acessorios","7":"product_cat-coracoes","8":"product_cat-cristais-para-decoracao","9":"product_cat-decoracao","10":"product_cat-diversos","11":"product_cat-pedras-e-cristais","12":"product_cat-pedras-cristais","14":"first","15":"instock","16":"shipping-taxable","17":"purchasable","18":"product-type-simple"},"_links":{"self":[{"href":"https:\/\/cristaisluzesdeana.com.br\/novo\/wp-json\/wp\/v2\/product\/43","targetHints":{"allow":["GET"]}}],"collection":[{"href":"https:\/\/cristaisluzesdeana.com.br\/novo\/wp-json\/wp\/v2\/product"}],"about":[{"href":"https:\/\/cristaisluzesdeana.com.br\/novo\/wp-json\/wp\/v2\/types\/product"}],"replies":[{"embeddable":true,"href":"https:\/\/cristaisluzesdeana.com.br\/novo\/wp-json\/wp\/v2\/comments?post=43"}],"wp:featuredmedia":[{"embeddable":true,"href":"https:\/\/cristaisluzesdeana.com.br\/novo\/wp-json\/wp\/v2\/media\/31"}],"wp:attachment":[{"href":"https:\/\/cristaisluzesdeana.com.br\/novo\/wp-json\/wp\/v2\/media?parent=43"}],"wp:term":[{"taxonomy":"product_cat","embeddable":true,"href":"https:\/\/cristaisluzesdeana.com.br\/novo\/wp-json\/wp\/v2\/product_cat?post=43"},{"taxonomy":"product_tag","embeddable":true,"href":"https:\/\/cristaisluzesdeana.com.br\/novo\/wp-json\/wp\/v2\/product_tag?post=43"}],"curies":[{"name":"wp","href":"https:\/\/api.w.org\/{rel}","templated":true}]}}