{"id":44,"date":"2022-06-27T12:05:30","date_gmt":"2022-06-27T15:05:30","guid":{"rendered":"https:\/\/cristaisluzesdeana.com.br\/?post_type=product&#038;p=44"},"modified":"2025-12-18T12:33:51","modified_gmt":"2025-12-18T15:33:51","slug":"cristal-quartzo-transparente","status":"publish","type":"product","link":"https:\/\/cristaisluzesdeana.com.br\/novo\/produto\/cristal-quartzo-transparente\/","title":{"rendered":"Cristal Quartzo Transparente"},"content":{"rendered":"<p>O Cristal Transparente \u00e9 100% natural. O Cristal traz equil\u00edbrio do sistema nervoso, fortalece a musculatura e favorece a cura de problemas card\u00edacos e pulmonares. Pode ser usado em todos os ambientes e em acess\u00f3rios. Traz equil\u00edbrio energ\u00e9tico, ajuda a eliminar carmas, abre caminhos e nos traz bem estar. Como limpar seu Quartzo Transparente: Os quartzos podem ser lavados em \u00e1gua com sal grosso. Depois em \u00e1gua corrente e deixe-o no sol por algumas horas. Este valor e por unidade. As pedras s\u00e3o naturais por isto possuem formas variadas.<\/p>\n","protected":false},"excerpt":{"rendered":"<p>O Cristal Transparente \u00e9 100% natural. Traz equil\u00edbrio do sistema nervoso, fortalece a musculatura e favorece a cura de problemas card\u00edacos e pulmonares. Ajuda a eliminar carmas, abre caminhos e nos traz bem estar.<\/p>\n","protected":false},"featured_media":30,"comment_status":"open","ping_status":"closed","template":"","meta":[],"product_cat":[23,60,61,62,30,31,63,66,40,42,43,44],"product_tag":[],"class_list":{"0":"post-44","1":"product","2":"type-product","3":"status-publish","4":"has-post-thumbnail","6":"product_cat-acessorios","7":"product_cat-chaveiros","8":"product_cat-coracoes","9":"product_cat-cristais-para-decoracao","10":"product_cat-decoracao","11":"product_cat-diversos","12":"product_cat-drusas","13":"product_cat-obeliscos","14":"product_cat-pedras-e-cristais","15":"product_cat-pedras-cristais","16":"product_cat-pingentes","17":"product_cat-piramides","19":"first","20":"instock","21":"shipping-taxable","22":"purchasable","23":"product-type-simple"},"_links":{"self":[{"href":"https:\/\/cristaisluzesdeana.com.br\/novo\/wp-json\/wp\/v2\/product\/44","targetHints":{"allow":["GET"]}}],"collection":[{"href":"https:\/\/cristaisluzesdeana.com.br\/novo\/wp-json\/wp\/v2\/product"}],"about":[{"href":"https:\/\/cristaisluzesdeana.com.br\/novo\/wp-json\/wp\/v2\/types\/product"}],"replies":[{"embeddable":true,"href":"https:\/\/cristaisluzesdeana.com.br\/novo\/wp-json\/wp\/v2\/comments?post=44"}],"wp:featuredmedia":[{"embeddable":true,"href":"https:\/\/cristaisluzesdeana.com.br\/novo\/wp-json\/wp\/v2\/media\/30"}],"wp:attachment":[{"href":"https:\/\/cristaisluzesdeana.com.br\/novo\/wp-json\/wp\/v2\/media?parent=44"}],"wp:term":[{"taxonomy":"product_cat","embeddable":true,"href":"https:\/\/cristaisluzesdeana.com.br\/novo\/wp-json\/wp\/v2\/product_cat?post=44"},{"taxonomy":"product_tag","embeddable":true,"href":"https:\/\/cristaisluzesdeana.com.br\/novo\/wp-json\/wp\/v2\/product_tag?post=44"}],"curies":[{"name":"wp","href":"https:\/\/api.w.org\/{rel}","templated":true}]}}