{"id":478,"date":"2022-07-27T16:13:09","date_gmt":"2022-07-27T19:13:09","guid":{"rendered":"https:\/\/cristaisluzesdeana.com.br\/?post_type=product&#038;p=478"},"modified":"2025-12-18T12:29:59","modified_gmt":"2025-12-18T15:29:59","slug":"citrino-rolado","status":"publish","type":"product","link":"https:\/\/cristaisluzesdeana.com.br\/novo\/produto\/citrino-rolado\/","title":{"rendered":"Citrino Rolado"},"content":{"rendered":"<p>O Cristal de Quartzo Citrino \u00e9 considerado a pedra da Prosperidade. O Citrino tem uma energia curativa elevada que vitaliza e purifica todo o sistema digestivo, desintoxica o f\u00edgado e auxilia nos casos de infec\u00e7\u00f5es dos rins e problemas na vis\u00e3o, auxilia nos casos de esgotamento mental, sendo muito recomendada tamb\u00e9m para estudantes. Aumentar a disposi\u00e7\u00e3o f\u00edsica e reduz o cansa\u00e7o. Traz fartura e prosperidade, neutraliza energias negativas e oferece prote\u00e7\u00e3o \u00e1urica capaz de auxiliar nossa intui\u00e7\u00e3o a identificar poss\u00edveis perigos e amea\u00e7as. Como Limpar seu Cristal de Quartzo Citrino: Por ser um quartzo pode ser deixado em \u00e1gua e sal por cerca de 30 minutos em seguida lave em agua corrente depois deixe no sol por 30 minutos e se desejar pode deixar sob a luz da lua (exceto lua minguante).<\/p>\n","protected":false},"excerpt":{"rendered":"<p>O Cristal de Quartzo Citrino \u00e9 considerado a pedra da Prosperidade. O Citrino tem uma energia curativa elevada que vitaliza e purifica todo o sistema digestivo, desintoxica o f\u00edgado e auxilia nos casos de infec\u00e7\u00f5es dos rins e problemas na vis\u00e3o, auxilia nos casos de esgotamento mental, sendo muito recomendada tamb\u00e9m para estudantes. Aumentar a [&#8230;]\n","protected":false},"featured_media":1307,"comment_status":"open","ping_status":"closed","template":"","meta":[],"product_cat":[23,60,62,30,31,40,42,43,49],"product_tag":[],"class_list":{"0":"post-478","1":"product","2":"type-product","3":"status-publish","4":"has-post-thumbnail","6":"product_cat-acessorios","7":"product_cat-chaveiros","8":"product_cat-cristais-para-decoracao","9":"product_cat-decoracao","10":"product_cat-diversos","11":"product_cat-pedras-e-cristais","12":"product_cat-pedras-cristais","13":"product_cat-pingentes","14":"product_cat-pulseiras","16":"first","17":"instock","18":"shipping-taxable","19":"purchasable","20":"product-type-simple"},"_links":{"self":[{"href":"https:\/\/cristaisluzesdeana.com.br\/novo\/wp-json\/wp\/v2\/product\/478","targetHints":{"allow":["GET"]}}],"collection":[{"href":"https:\/\/cristaisluzesdeana.com.br\/novo\/wp-json\/wp\/v2\/product"}],"about":[{"href":"https:\/\/cristaisluzesdeana.com.br\/novo\/wp-json\/wp\/v2\/types\/product"}],"replies":[{"embeddable":true,"href":"https:\/\/cristaisluzesdeana.com.br\/novo\/wp-json\/wp\/v2\/comments?post=478"}],"wp:featuredmedia":[{"embeddable":true,"href":"https:\/\/cristaisluzesdeana.com.br\/novo\/wp-json\/wp\/v2\/media\/1307"}],"wp:attachment":[{"href":"https:\/\/cristaisluzesdeana.com.br\/novo\/wp-json\/wp\/v2\/media?parent=478"}],"wp:term":[{"taxonomy":"product_cat","embeddable":true,"href":"https:\/\/cristaisluzesdeana.com.br\/novo\/wp-json\/wp\/v2\/product_cat?post=478"},{"taxonomy":"product_tag","embeddable":true,"href":"https:\/\/cristaisluzesdeana.com.br\/novo\/wp-json\/wp\/v2\/product_tag?post=478"}],"curies":[{"name":"wp","href":"https:\/\/api.w.org\/{rel}","templated":true}]}}