{"id":479,"date":"2022-07-27T16:15:16","date_gmt":"2022-07-27T19:15:16","guid":{"rendered":"https:\/\/cristaisluzesdeana.com.br\/?post_type=product&#038;p=479"},"modified":"2025-12-18T12:29:44","modified_gmt":"2025-12-18T15:29:44","slug":"jaspe-dalmata","status":"publish","type":"product","link":"https:\/\/cristaisluzesdeana.com.br\/novo\/produto\/jaspe-dalmata\/","title":{"rendered":"Jaspe Dalmata (Pe\u00e7a de Cole\u00e7\u00e3o)"},"content":{"rendered":"<p>Pedra de Cole\u00e7\u00e3o<\/p>\n<p>O Cristal Jaspe Dalmata \u00e9 considerado a pedra do otimismo. O Jaspe Dalmata auxilia nos processos de emagrecimento, pois a sua energia auxilia a libera\u00e7\u00e3o das toxinas do corpo, ajuda a eliminar problemas com cristais biliares e \u00e9 excelente para cura de problemas no sangue e do sistema imunol\u00f3gico. Ajuda a transformar as fraquezas em pontos fortes. Protege contra golpes financeiros e na efetiva\u00e7\u00e3o de novos neg\u00f3cios. Limpa o campo \u00e1urico e traz for\u00e7a espiritual. \u00c9 uma pedra muito utilizada por terapeutas e tamb\u00e9m para se comunicar sensorialmente com os animais. Pode ser utilizada em todos os ambientes e em acess\u00f3rios. Como limpar sua pedra Jaspe Dalmata: Passe-a por \u00e1gua e sal grosso depois por \u00e1gua corrente e deixe-a no sol por 1 hora.<\/p>\n","protected":false},"excerpt":{"rendered":"<p>O Jaspe Dalmata \u00e9 uma interessante pedra que ajuda a deixar para tr\u00e1s padr\u00f5es e pensamentos ultrapassados de como olhar o mundo. Infundi divers\u00e3o e alegria na vida permitindo reconectar-se com a natureza brincalhona e fazer desfrutar-se das coisas que se costumava desfrutar quando era mais jovem.<\/p>\n","protected":false},"featured_media":1300,"comment_status":"open","ping_status":"closed","template":"","meta":[],"product_cat":[23,62,30,31,40,42],"product_tag":[],"class_list":{"0":"post-479","1":"product","2":"type-product","3":"status-publish","4":"has-post-thumbnail","6":"product_cat-acessorios","7":"product_cat-cristais-para-decoracao","8":"product_cat-decoracao","9":"product_cat-diversos","10":"product_cat-pedras-e-cristais","11":"product_cat-pedras-cristais","13":"first","14":"instock","15":"shipping-taxable","16":"purchasable","17":"product-type-simple"},"_links":{"self":[{"href":"https:\/\/cristaisluzesdeana.com.br\/novo\/wp-json\/wp\/v2\/product\/479","targetHints":{"allow":["GET"]}}],"collection":[{"href":"https:\/\/cristaisluzesdeana.com.br\/novo\/wp-json\/wp\/v2\/product"}],"about":[{"href":"https:\/\/cristaisluzesdeana.com.br\/novo\/wp-json\/wp\/v2\/types\/product"}],"replies":[{"embeddable":true,"href":"https:\/\/cristaisluzesdeana.com.br\/novo\/wp-json\/wp\/v2\/comments?post=479"}],"wp:featuredmedia":[{"embeddable":true,"href":"https:\/\/cristaisluzesdeana.com.br\/novo\/wp-json\/wp\/v2\/media\/1300"}],"wp:attachment":[{"href":"https:\/\/cristaisluzesdeana.com.br\/novo\/wp-json\/wp\/v2\/media?parent=479"}],"wp:term":[{"taxonomy":"product_cat","embeddable":true,"href":"https:\/\/cristaisluzesdeana.com.br\/novo\/wp-json\/wp\/v2\/product_cat?post=479"},{"taxonomy":"product_tag","embeddable":true,"href":"https:\/\/cristaisluzesdeana.com.br\/novo\/wp-json\/wp\/v2\/product_tag?post=479"}],"curies":[{"name":"wp","href":"https:\/\/api.w.org\/{rel}","templated":true}]}}