{"id":48,"date":"2022-06-27T12:07:23","date_gmt":"2022-06-27T15:07:23","guid":{"rendered":"https:\/\/cristaisluzesdeana.com.br\/?post_type=product&#038;p=48"},"modified":"2025-12-18T12:33:19","modified_gmt":"2025-12-18T15:33:19","slug":"ametista-chevron-peca-de-colecao","status":"publish","type":"product","link":"https:\/\/cristaisluzesdeana.com.br\/novo\/produto\/ametista-chevron-peca-de-colecao\/","title":{"rendered":"Ametista Chevron (Pe\u00e7a de Cole\u00e7\u00e3o)"},"content":{"rendered":"<p>Ametista Chevron \u00e9 um Quartzo 100% natural. Este Quartzo possui grande for\u00e7a, pois tem a uni\u00e3o do Cristal de Quartzo Branco e do Cristal da Consci\u00eancia a Ametista. Pode ser usada em todos os ambientes e em acess\u00f3rios. Liberta dos medos e clareia os pensamentos. \u00c9 o Cristal da nossa conex\u00e3o com o Divino com a nossa Espiritualidade ele encoraja a percep\u00e7\u00e3o positiva e nos mostra o real significado dos acontecimentos. Como limpar sua Ametista Chevron: As Ametistas tamb\u00e9m s\u00e3o quartzos e podem ser lavados em \u00e1gua com sal grosso, depois em \u00e1gua corrente e deixe-a no sol por algumas horas e sob a luz da lua cheia. Este valor \u00e9 por unidade. Esta pedra \u00e9 \u00fanica possui forma singular com tamanho aproximado de 8 cm.<\/p>\n","protected":false},"excerpt":{"rendered":"<p>Ametista Chevron \u00e9 um Quartzo 100% natural. Este Quartzo possui grande for\u00e7a, pois tem a uni\u00e3o do Cristal de Quartzo Branco e do Cristal da Consci\u00eancia a Ametista. \u00c9 o Cristal da nossa conex\u00e3o com o Divino com a nossa Espiritualidade ele encoraja a percep\u00e7\u00e3o positiva e nos mostra o real significado dos acontecimentos.<\/p>\n","protected":false},"featured_media":26,"comment_status":"open","ping_status":"closed","template":"","meta":[],"product_cat":[23,62,30,31,40,42],"product_tag":[],"class_list":{"0":"post-48","1":"product","2":"type-product","3":"status-publish","4":"has-post-thumbnail","6":"product_cat-acessorios","7":"product_cat-cristais-para-decoracao","8":"product_cat-decoracao","9":"product_cat-diversos","10":"product_cat-pedras-e-cristais","11":"product_cat-pedras-cristais","13":"first","14":"instock","15":"shipping-taxable","16":"purchasable","17":"product-type-simple"},"_links":{"self":[{"href":"https:\/\/cristaisluzesdeana.com.br\/novo\/wp-json\/wp\/v2\/product\/48","targetHints":{"allow":["GET"]}}],"collection":[{"href":"https:\/\/cristaisluzesdeana.com.br\/novo\/wp-json\/wp\/v2\/product"}],"about":[{"href":"https:\/\/cristaisluzesdeana.com.br\/novo\/wp-json\/wp\/v2\/types\/product"}],"replies":[{"embeddable":true,"href":"https:\/\/cristaisluzesdeana.com.br\/novo\/wp-json\/wp\/v2\/comments?post=48"}],"wp:featuredmedia":[{"embeddable":true,"href":"https:\/\/cristaisluzesdeana.com.br\/novo\/wp-json\/wp\/v2\/media\/26"}],"wp:attachment":[{"href":"https:\/\/cristaisluzesdeana.com.br\/novo\/wp-json\/wp\/v2\/media?parent=48"}],"wp:term":[{"taxonomy":"product_cat","embeddable":true,"href":"https:\/\/cristaisluzesdeana.com.br\/novo\/wp-json\/wp\/v2\/product_cat?post=48"},{"taxonomy":"product_tag","embeddable":true,"href":"https:\/\/cristaisluzesdeana.com.br\/novo\/wp-json\/wp\/v2\/product_tag?post=48"}],"curies":[{"name":"wp","href":"https:\/\/api.w.org\/{rel}","templated":true}]}}