{"id":480,"date":"2022-07-27T16:17:38","date_gmt":"2022-07-27T19:17:38","guid":{"rendered":"https:\/\/cristaisluzesdeana.com.br\/?post_type=product&#038;p=480"},"modified":"2025-12-18T12:28:54","modified_gmt":"2025-12-18T15:28:54","slug":"jaspe-zebra","status":"publish","type":"product","link":"https:\/\/cristaisluzesdeana.com.br\/novo\/produto\/jaspe-zebra\/","title":{"rendered":"Jaspe Zebra (Pe\u00e7a de Cole\u00e7\u00e3o)"},"content":{"rendered":"<p>Pedra de Cole\u00e7\u00e3o<\/p>\n<p>O Jaspe Zebra \u00e9 um Cristal Natural considerado a pedra de enraizamento que nos mant\u00e9m centrados com a m\u00e3e Terra. Beneficia a recupera\u00e7\u00e3o de les\u00f5es nos ossos, alivia as dores musculares, fomenta o bom funcionamento do sistema linf\u00e1tico, ajuda a estancar sangramentos, harmonizar o sistema nervoso, melhorar as mol\u00e9stias do f\u00edgado, est\u00f4mago e ba\u00e7o. Equilibra a mente, alivia as emo\u00e7\u00f5es intensas e proporciona aconchego. Reconforta as pessoas que n\u00e3o se sentem bem na solid\u00e3o e nos protege em viagens. Ele funciona como um para-raios nos livrando de mau olhado e energias negativas, proporcionando um alto grau de harmonia interior nos libertando de bloqueios. Como limpar seu Jaspe Zebra: Deixe-a em \u00e1gua com sal grosso por 30 minutos, lave em agua corrente e deixe no sol por 1 hora.<\/p>\n","protected":false},"excerpt":{"rendered":"<p>O Jaspe Zebra \u00e9 uma forma de jaspe com riscas pretas e brancas como uma zebra, ela movimenta a energiza para ultrapassar a apatia e transformar as ideias em a\u00e7\u00f5es. Tamb\u00e9m tem a capacidade de trazer coragem para resolver problemas e determina\u00e7\u00e3o para levar os projetos em frente, motiva\u00e7\u00e3o para sair da apatia e entrar em a\u00e7\u00e3o.<\/p>\n","protected":false},"featured_media":1289,"comment_status":"open","ping_status":"closed","template":"","meta":[],"product_cat":[23,62,30,31,40,42],"product_tag":[],"class_list":{"0":"post-480","1":"product","2":"type-product","3":"status-publish","4":"has-post-thumbnail","6":"product_cat-acessorios","7":"product_cat-cristais-para-decoracao","8":"product_cat-decoracao","9":"product_cat-diversos","10":"product_cat-pedras-e-cristais","11":"product_cat-pedras-cristais","13":"first","14":"instock","15":"shipping-taxable","16":"purchasable","17":"product-type-simple"},"_links":{"self":[{"href":"https:\/\/cristaisluzesdeana.com.br\/novo\/wp-json\/wp\/v2\/product\/480","targetHints":{"allow":["GET"]}}],"collection":[{"href":"https:\/\/cristaisluzesdeana.com.br\/novo\/wp-json\/wp\/v2\/product"}],"about":[{"href":"https:\/\/cristaisluzesdeana.com.br\/novo\/wp-json\/wp\/v2\/types\/product"}],"replies":[{"embeddable":true,"href":"https:\/\/cristaisluzesdeana.com.br\/novo\/wp-json\/wp\/v2\/comments?post=480"}],"wp:featuredmedia":[{"embeddable":true,"href":"https:\/\/cristaisluzesdeana.com.br\/novo\/wp-json\/wp\/v2\/media\/1289"}],"wp:attachment":[{"href":"https:\/\/cristaisluzesdeana.com.br\/novo\/wp-json\/wp\/v2\/media?parent=480"}],"wp:term":[{"taxonomy":"product_cat","embeddable":true,"href":"https:\/\/cristaisluzesdeana.com.br\/novo\/wp-json\/wp\/v2\/product_cat?post=480"},{"taxonomy":"product_tag","embeddable":true,"href":"https:\/\/cristaisluzesdeana.com.br\/novo\/wp-json\/wp\/v2\/product_tag?post=480"}],"curies":[{"name":"wp","href":"https:\/\/api.w.org\/{rel}","templated":true}]}}