{"id":482,"date":"2022-07-27T16:19:49","date_gmt":"2022-07-27T19:19:49","guid":{"rendered":"https:\/\/cristaisluzesdeana.com.br\/?post_type=product&#038;p=482"},"modified":"2025-12-18T12:28:34","modified_gmt":"2025-12-18T15:28:34","slug":"hematita-rolada","status":"publish","type":"product","link":"https:\/\/cristaisluzesdeana.com.br\/novo\/produto\/hematita-rolada\/","title":{"rendered":"Hematita Rolada"},"content":{"rendered":"<p>A Pedra Hematita deriva seu significado do grego que quer dizer &#8220;<strong>sangue&#8221;<\/strong>. Ao ser polida a Hematita solta uma cor avermelhada intensa na \u00e1gua, muito semelhante ao sangue, devido a concentra\u00e7\u00e3o de ferro em sua composi\u00e7\u00e3o. Essa caracter\u00edstica fez com que a pedra fosse associada a cura de doen\u00e7as ligadas ao sangue. Desperta o amor pr\u00f3prio, diminui a timidez, fortalece a coragem, equilibra o apetite e ajuda a superar v\u00edcios. Afasta energias negativas e nos traz alegrias. Pode ser usada em todos os ambientes como decora\u00e7\u00e3o e como acess\u00f3rios. Como limpar a sua pedra Hematita: A Hematita n\u00e3o deve ser molhada, passe-a pela fuma\u00e7a do incenso e deixe-a no sol por cerca de uma hora assim sua Hematita estar\u00e1 energizada novamente.<\/p>\n","protected":false},"excerpt":{"rendered":"<p>A Hematita \u00e9 uma pedra de prote\u00e7\u00e3o que ajuda na autoestima. Ela tamb\u00e9m estimula a absor\u00e7\u00e3o de ferro pelo sangue e a forma\u00e7\u00e3o de gl\u00f3bulos vermelhos.<\/p>\n","protected":false},"featured_media":1294,"comment_status":"open","ping_status":"closed","template":"","meta":[],"product_cat":[23,61,62,30,31,40,42],"product_tag":[],"class_list":{"0":"post-482","1":"product","2":"type-product","3":"status-publish","4":"has-post-thumbnail","6":"product_cat-acessorios","7":"product_cat-coracoes","8":"product_cat-cristais-para-decoracao","9":"product_cat-decoracao","10":"product_cat-diversos","11":"product_cat-pedras-e-cristais","12":"product_cat-pedras-cristais","14":"first","15":"instock","16":"shipping-taxable","17":"purchasable","18":"product-type-simple"},"_links":{"self":[{"href":"https:\/\/cristaisluzesdeana.com.br\/novo\/wp-json\/wp\/v2\/product\/482","targetHints":{"allow":["GET"]}}],"collection":[{"href":"https:\/\/cristaisluzesdeana.com.br\/novo\/wp-json\/wp\/v2\/product"}],"about":[{"href":"https:\/\/cristaisluzesdeana.com.br\/novo\/wp-json\/wp\/v2\/types\/product"}],"replies":[{"embeddable":true,"href":"https:\/\/cristaisluzesdeana.com.br\/novo\/wp-json\/wp\/v2\/comments?post=482"}],"wp:featuredmedia":[{"embeddable":true,"href":"https:\/\/cristaisluzesdeana.com.br\/novo\/wp-json\/wp\/v2\/media\/1294"}],"wp:attachment":[{"href":"https:\/\/cristaisluzesdeana.com.br\/novo\/wp-json\/wp\/v2\/media?parent=482"}],"wp:term":[{"taxonomy":"product_cat","embeddable":true,"href":"https:\/\/cristaisluzesdeana.com.br\/novo\/wp-json\/wp\/v2\/product_cat?post=482"},{"taxonomy":"product_tag","embeddable":true,"href":"https:\/\/cristaisluzesdeana.com.br\/novo\/wp-json\/wp\/v2\/product_tag?post=482"}],"curies":[{"name":"wp","href":"https:\/\/api.w.org\/{rel}","templated":true}]}}