{"id":488,"date":"2022-07-27T16:27:32","date_gmt":"2022-07-27T19:27:32","guid":{"rendered":"https:\/\/cristaisluzesdeana.com.br\/?post_type=product&#038;p=488"},"modified":"2025-12-18T12:27:26","modified_gmt":"2025-12-18T15:27:26","slug":"olho-de-gato","status":"publish","type":"product","link":"https:\/\/cristaisluzesdeana.com.br\/novo\/produto\/olho-de-gato\/","title":{"rendered":"Olho de Gato"},"content":{"rendered":"<p>O Cristal Olho de Gato \u00e9 um Quartzo que se assemelha a um Olho de Gato, por isto a origem do nome deste lindo Cristal. O\u00a0 Cristal Olho de gato auxilia em tratamentos da vis\u00e3o e melhora a vis\u00e3o noturna, ajuda a aliviar dores de cabe\u00e7a e dores na face. Para melhorar a energia do ambiente, atrair energias espirituais e transmitir paz para o local, escolha um Cristal Olho de Gato de bom tamanho e deixe a em sua sala e vc tamb\u00e9m pode usar em seu dia a dia um acess\u00f3rio com um cristal de Olho de Gato. Pode ser usado em todos os ambientes como prote\u00e7\u00e3o, decora\u00e7\u00e3o, prosperidade e acess\u00f3rios. Como limpar seu Cristal Olho de Gato: Por ser um quartzo pode ser deixado por cerca de 30 minutos em \u00e1gua com sal grosso, em seguida passe por agua corrente, deixe no sol por cerca de 1 hora e se desejar pode ainda deixar sob a luz da lua por uma noite (exceto na lua minguante).<\/p>\n","protected":false},"excerpt":{"rendered":"<p>O Cristal Olho de Gato \u00e9 uma pedra que possui propriedades m\u00e1gicas. Embora seja um ancorador de energias, este Cristal tamb\u00e9m estimula a intui\u00e7\u00e3o, dissipa a energia da aura e nos d\u00e1 prote\u00e7\u00e3o, promove a confian\u00e7a, felicidade, serenidade e a sorte.<\/p>\n","protected":false},"featured_media":1296,"comment_status":"open","ping_status":"closed","template":"","meta":[],"product_cat":[23,62,30,31,40,42],"product_tag":[],"class_list":{"0":"post-488","1":"product","2":"type-product","3":"status-publish","4":"has-post-thumbnail","6":"product_cat-acessorios","7":"product_cat-cristais-para-decoracao","8":"product_cat-decoracao","9":"product_cat-diversos","10":"product_cat-pedras-e-cristais","11":"product_cat-pedras-cristais","13":"first","14":"instock","15":"shipping-taxable","16":"purchasable","17":"product-type-simple"},"_links":{"self":[{"href":"https:\/\/cristaisluzesdeana.com.br\/novo\/wp-json\/wp\/v2\/product\/488","targetHints":{"allow":["GET"]}}],"collection":[{"href":"https:\/\/cristaisluzesdeana.com.br\/novo\/wp-json\/wp\/v2\/product"}],"about":[{"href":"https:\/\/cristaisluzesdeana.com.br\/novo\/wp-json\/wp\/v2\/types\/product"}],"replies":[{"embeddable":true,"href":"https:\/\/cristaisluzesdeana.com.br\/novo\/wp-json\/wp\/v2\/comments?post=488"}],"wp:featuredmedia":[{"embeddable":true,"href":"https:\/\/cristaisluzesdeana.com.br\/novo\/wp-json\/wp\/v2\/media\/1296"}],"wp:attachment":[{"href":"https:\/\/cristaisluzesdeana.com.br\/novo\/wp-json\/wp\/v2\/media?parent=488"}],"wp:term":[{"taxonomy":"product_cat","embeddable":true,"href":"https:\/\/cristaisluzesdeana.com.br\/novo\/wp-json\/wp\/v2\/product_cat?post=488"},{"taxonomy":"product_tag","embeddable":true,"href":"https:\/\/cristaisluzesdeana.com.br\/novo\/wp-json\/wp\/v2\/product_tag?post=488"}],"curies":[{"name":"wp","href":"https:\/\/api.w.org\/{rel}","templated":true}]}}