{"id":489,"date":"2022-07-27T16:28:49","date_gmt":"2022-07-27T19:28:49","guid":{"rendered":"https:\/\/cristaisluzesdeana.com.br\/?post_type=product&#038;p=489"},"modified":"2025-12-18T12:27:16","modified_gmt":"2025-12-18T15:27:16","slug":"quartzo-murion","status":"publish","type":"product","link":"https:\/\/cristaisluzesdeana.com.br\/novo\/produto\/quartzo-murion\/","title":{"rendered":"Quartzo Murion"},"content":{"rendered":"<p>O Quartzo Murion \u00e9 uma variedade de quartzo de cor castanho claro amarronzado a negro. \u00c9 um quartzo muito lindo e poderoso que tem o seu nome denominado desde antiguidade, pois pensavam-se que esta variedade de quartzo continha fuma\u00e7a no seu interior. Para a sa\u00fade\u00a0 esta ligada a sexualidade e fertilidade, ajuda nos processos de cura da depress\u00e3o, confus\u00e3o mental, excesso no uso de bebidas e drogas. Traz prote\u00e7\u00e3o, concretiza\u00e7\u00e3o e abertura de caminhos e conquistas materiais para nossa vida. Pode ser usado em todos os ambientes como prote\u00e7\u00e3o, decora\u00e7\u00e3o, prosperidade e acess\u00f3rios. Como limpar seu Quartzo Murion: Por ser um quartzo pode ser deixado por cerca de 30 minutos em \u00e1gua com sal grosso, em seguida passe por agua corrente, deixe no sol por mais 30 minutos e se desejar pode ainda deixar sob a luz da lua por uma noite (exceto na lua minguante).<\/p>\n","protected":false},"excerpt":{"rendered":"<p>O Quartzo Murion \u00e9 uma variedade de quartzo de cor castanho claro amarronzado a negro. \u00c9 um quartzo muito lindo e poderoso que tem o seu nome denominado desde antiguidade, pois pensavam-se que esta variedade de quartzo continha fuma\u00e7a no seu interior.<\/p>\n","protected":false},"featured_media":1295,"comment_status":"open","ping_status":"closed","template":"","meta":[],"product_cat":[23,62,30,31,40,42],"product_tag":[],"class_list":{"0":"post-489","1":"product","2":"type-product","3":"status-publish","4":"has-post-thumbnail","6":"product_cat-acessorios","7":"product_cat-cristais-para-decoracao","8":"product_cat-decoracao","9":"product_cat-diversos","10":"product_cat-pedras-e-cristais","11":"product_cat-pedras-cristais","13":"first","14":"instock","15":"shipping-taxable","16":"purchasable","17":"product-type-simple"},"_links":{"self":[{"href":"https:\/\/cristaisluzesdeana.com.br\/novo\/wp-json\/wp\/v2\/product\/489","targetHints":{"allow":["GET"]}}],"collection":[{"href":"https:\/\/cristaisluzesdeana.com.br\/novo\/wp-json\/wp\/v2\/product"}],"about":[{"href":"https:\/\/cristaisluzesdeana.com.br\/novo\/wp-json\/wp\/v2\/types\/product"}],"replies":[{"embeddable":true,"href":"https:\/\/cristaisluzesdeana.com.br\/novo\/wp-json\/wp\/v2\/comments?post=489"}],"wp:featuredmedia":[{"embeddable":true,"href":"https:\/\/cristaisluzesdeana.com.br\/novo\/wp-json\/wp\/v2\/media\/1295"}],"wp:attachment":[{"href":"https:\/\/cristaisluzesdeana.com.br\/novo\/wp-json\/wp\/v2\/media?parent=489"}],"wp:term":[{"taxonomy":"product_cat","embeddable":true,"href":"https:\/\/cristaisluzesdeana.com.br\/novo\/wp-json\/wp\/v2\/product_cat?post=489"},{"taxonomy":"product_tag","embeddable":true,"href":"https:\/\/cristaisluzesdeana.com.br\/novo\/wp-json\/wp\/v2\/product_tag?post=489"}],"curies":[{"name":"wp","href":"https:\/\/api.w.org\/{rel}","templated":true}]}}