{"id":838,"date":"2022-08-03T15:21:16","date_gmt":"2022-08-03T18:21:16","guid":{"rendered":"https:\/\/cristaisluzesdeana.com.br\/?post_type=product&#038;p=838"},"modified":"2025-12-18T12:27:02","modified_gmt":"2025-12-18T15:27:02","slug":"drusa","status":"publish","type":"product","link":"https:\/\/cristaisluzesdeana.com.br\/novo\/produto\/drusa\/","title":{"rendered":"Drusa de Cristal Lodolita (Pe\u00e7a de Cole\u00e7\u00e3o)"},"content":{"rendered":"<p>Pe\u00e7a de Cole\u00e7\u00e3o<\/p>\n<p>A Lodolita \u00e9 uma pedra natural conhecida por muitos nomes entre eles Quartzo Lodolita, Quartzo Jardim, Quartzo Paisagem, Quartzo Xam\u00e3 e ainda podem aparecer outros nomes. A Lodolita possui inclus\u00f5es de diversos minerais. Estas inclus\u00f5es promovem uma gama de cores, trazendo para cada pe\u00e7a uma apar\u00eancia \u00fanica. Algumas se parecem com\u00a0 jardins outras lembram cenas subaqu\u00e1ticas. Essa pedra possui a energia suave de amor, traz cura emocional, liberta de traumas, \u00e9 um excelente Cristal para cura e medita\u00e7\u00e3o, harmoniza as energias superiores em seus corpos sutis e no corpo f\u00edsico aumentando a percep\u00e7\u00e3o. Como limpar sua Drusa de Cristal: Passe um pincel para retirar todo o p\u00f3 em seguida energize-a com a fuma\u00e7a do incenso da sua preferencia, deixe-a no sol por algumas horas.<\/p>\n","protected":false},"excerpt":{"rendered":"<p>A Lodolita possui inclus\u00f5es de diversos minerais. Essa pedra possui a energia suave de amor, traz cura emocional, liberta de traumas. \u00c9 um excelente Cristal para cura e medita\u00e7\u00e3o, harmoniza as energias superiores em seus corpos sutis e no corpo f\u00edsico aumentando a percep\u00e7\u00e3o.<\/p>\n","protected":false},"featured_media":768,"comment_status":"open","ping_status":"closed","template":"","meta":[],"product_cat":[23,62,30,31,63,40,42],"product_tag":[27,28,29,32,34,36,41,54,56,57],"class_list":{"0":"post-838","1":"product","2":"type-product","3":"status-publish","4":"has-post-thumbnail","6":"product_cat-acessorios","7":"product_cat-cristais-para-decoracao","8":"product_cat-decoracao","9":"product_cat-diversos","10":"product_cat-drusas","11":"product_cat-pedras-e-cristais","12":"product_cat-pedras-cristais","13":"product_tag-cristais","14":"product_tag-cristaisluzesdeana","15":"product_tag-cristal","16":"product_tag-drusa","17":"product_tag-esoterismo","18":"product_tag-lodolita","19":"product_tag-pedras-naturais","20":"product_tag-terapeutas","21":"product_tag-terapiaholistica","22":"product_tag-terapias","24":"first","25":"instock","26":"shipping-taxable","27":"purchasable","28":"product-type-simple"},"_links":{"self":[{"href":"https:\/\/cristaisluzesdeana.com.br\/novo\/wp-json\/wp\/v2\/product\/838","targetHints":{"allow":["GET"]}}],"collection":[{"href":"https:\/\/cristaisluzesdeana.com.br\/novo\/wp-json\/wp\/v2\/product"}],"about":[{"href":"https:\/\/cristaisluzesdeana.com.br\/novo\/wp-json\/wp\/v2\/types\/product"}],"replies":[{"embeddable":true,"href":"https:\/\/cristaisluzesdeana.com.br\/novo\/wp-json\/wp\/v2\/comments?post=838"}],"wp:featuredmedia":[{"embeddable":true,"href":"https:\/\/cristaisluzesdeana.com.br\/novo\/wp-json\/wp\/v2\/media\/768"}],"wp:attachment":[{"href":"https:\/\/cristaisluzesdeana.com.br\/novo\/wp-json\/wp\/v2\/media?parent=838"}],"wp:term":[{"taxonomy":"product_cat","embeddable":true,"href":"https:\/\/cristaisluzesdeana.com.br\/novo\/wp-json\/wp\/v2\/product_cat?post=838"},{"taxonomy":"product_tag","embeddable":true,"href":"https:\/\/cristaisluzesdeana.com.br\/novo\/wp-json\/wp\/v2\/product_tag?post=838"}],"curies":[{"name":"wp","href":"https:\/\/api.w.org\/{rel}","templated":true}]}}