{"id":842,"date":"2022-08-03T15:24:40","date_gmt":"2022-08-03T18:24:40","guid":{"rendered":"https:\/\/cristaisluzesdeana.com.br\/?post_type=product&#038;p=842"},"modified":"2025-12-18T12:26:07","modified_gmt":"2025-12-18T15:26:07","slug":"drusa-3","status":"publish","type":"product","link":"https:\/\/cristaisluzesdeana.com.br\/novo\/produto\/drusa-3\/","title":{"rendered":"Drusa de Cristal Lodolita com Rutilo (Pe\u00e7a de Cole\u00e7\u00e3o)"},"content":{"rendered":"<p>Pe\u00e7a de Cole\u00e7\u00e3o<\/p>\n<p>A Lodolita \u00e9 conhecida por muitos nomes entre eles Quartzo Lodolita, Quartzo Jardim, Quartzo Paisagem, Quartzo Xam\u00e3 e ainda pode aparecer algum outro. A Lodolita possui inclus\u00f5es de diversos minerais. Estas inclus\u00f5es promovem uma gama de cores, trazendo para cada pe\u00e7a uma apar\u00eancia \u00fanica. Algumas se parecem com\u00a0 jardins outras lembram cenas subaqu\u00e1ticas. Essa pedra possui a energia suave de amor, traz cura emocional, liberta de traumas, \u00e9 um excelente Cristal para cura e medita\u00e7\u00e3o, harmoniza as energias superiores em seus corpos sutis e no corpo f\u00edsico aumentando a percep\u00e7\u00e3o. O Rutilo s\u00e3o inclus\u00f5es em forma de agulhas em espessuras variadas desde muito finas que lembram fios de cabelo a grossas, a colora\u00e7\u00e3o do Rutilo vai do dourado intenso, vermelho, preto, podendo haver outras varia\u00e7\u00f5es. O Cristal com Rutilo \u00e9 uma poderosa pedra de abertura de caminhos que ajudam a conquistar o sucesso, agu\u00e7a a intui\u00e7\u00e3o, favorece as conquistas e aumenta a energia sexual<strong>,\u00a0<\/strong>nos faz enxergar armadilhas e perigos, afasta energias negativas purificando a Aura, ajuda a acumular riquezas. Como limpar sua Drusa de Cristal: Passe um pincel para retirar todo o p\u00f3 em seguida energize-a com a fuma\u00e7a do incenso da sua preferencia, deixe-a no sol por algumas horas.<\/p>\n","protected":false},"excerpt":{"rendered":"<p>As Drusas irradiam energia para o ambiente a sua volta e tamb\u00e9m absorvem as energias densas, transmutando-as. S\u00e3o muito \u00fateis para purificar principalmente se estiverem junto com outros Cristais.<\/p>\n<p>A Lodolita possui inclus\u00f5es de diversos minerais. Estas inclus\u00f5es promovem uma gama de cores, trazendo para cada pe\u00e7a uma apar\u00eancia \u00fanica. Algumas se parecem com\u00a0 jardins outras lembram cenas subaqu\u00e1ticas.<\/p>\n<p>O Rutilo s\u00e3o inclus\u00f5es em forma de agulhas em espessuras variadas desde muito finas que lembram fios de cabelo a grossas, a colora\u00e7\u00e3o do Rutilo vai do dourado intenso, vermelho, preto, podendo haver outras varia\u00e7\u00f5es.<\/p>\n","protected":false},"featured_media":784,"comment_status":"open","ping_status":"closed","template":"","meta":[],"product_cat":[23,62,30,31,63,40,42],"product_tag":[26,27,28,29,32,33,34,36,41,50,52,53,54,55,56],"class_list":{"0":"post-842","1":"product","2":"type-product","3":"status-publish","4":"has-post-thumbnail","6":"product_cat-acessorios","7":"product_cat-cristais-para-decoracao","8":"product_cat-decoracao","9":"product_cat-diversos","10":"product_cat-drusas","11":"product_cat-pedras-e-cristais","12":"product_cat-pedras-cristais","13":"product_tag-bemestar","14":"product_tag-cristais","15":"product_tag-cristaisluzesdeana","16":"product_tag-cristal","17":"product_tag-drusa","18":"product_tag-energia","19":"product_tag-esoterismo","20":"product_tag-lodolita","21":"product_tag-pedras-naturais","22":"product_tag-quartzo","23":"product_tag-rutilo","24":"product_tag-saude","25":"product_tag-terapeutas","26":"product_tag-terapia","27":"product_tag-terapiaholistica","29":"first","30":"instock","31":"shipping-taxable","32":"purchasable","33":"product-type-simple"},"_links":{"self":[{"href":"https:\/\/cristaisluzesdeana.com.br\/novo\/wp-json\/wp\/v2\/product\/842","targetHints":{"allow":["GET"]}}],"collection":[{"href":"https:\/\/cristaisluzesdeana.com.br\/novo\/wp-json\/wp\/v2\/product"}],"about":[{"href":"https:\/\/cristaisluzesdeana.com.br\/novo\/wp-json\/wp\/v2\/types\/product"}],"replies":[{"embeddable":true,"href":"https:\/\/cristaisluzesdeana.com.br\/novo\/wp-json\/wp\/v2\/comments?post=842"}],"wp:featuredmedia":[{"embeddable":true,"href":"https:\/\/cristaisluzesdeana.com.br\/novo\/wp-json\/wp\/v2\/media\/784"}],"wp:attachment":[{"href":"https:\/\/cristaisluzesdeana.com.br\/novo\/wp-json\/wp\/v2\/media?parent=842"}],"wp:term":[{"taxonomy":"product_cat","embeddable":true,"href":"https:\/\/cristaisluzesdeana.com.br\/novo\/wp-json\/wp\/v2\/product_cat?post=842"},{"taxonomy":"product_tag","embeddable":true,"href":"https:\/\/cristaisluzesdeana.com.br\/novo\/wp-json\/wp\/v2\/product_tag?post=842"}],"curies":[{"name":"wp","href":"https:\/\/api.w.org\/{rel}","templated":true}]}}